{"id":37,"date":"2023-10-27T12:58:23","date_gmt":"2023-10-27T12:58:23","guid":{"rendered":"https:\/\/www.robertodandrea.it\/new\/?page_id=37"},"modified":"2024-01-12T10:12:03","modified_gmt":"2024-01-12T10:12:03","slug":"chi-sono","status":"publish","type":"page","link":"https:\/\/www.robertodandrea.it\/new\/chi-sono\/","title":{"rendered":"chi sono"},"content":{"rendered":"<p><div class=\"fusion-fullwidth fullwidth-box fusion-builder-row-1 fusion-flex-container has-pattern-background has-mask-background nonhundred-percent-fullwidth non-hundred-percent-height-scrolling\" style=\"--awb-border-radius-top-left:0px;--awb-border-radius-top-right:0px;--awb-border-radius-bottom-right:0px;--awb-border-radius-bottom-left:0px;--awb-padding-bottom:0px;--awb-padding-top-small:0px;--awb-flex-wrap:wrap;\" ><div class=\"fusion-builder-row fusion-row fusion-flex-align-items-flex-start fusion-flex-content-wrap\" style=\"max-width:1248px;margin-left: calc(-4% \/ 2 );margin-right: calc(-4% \/ 2 );\"><div class=\"fusion-layout-column fusion_builder_column fusion-builder-column-0 fusion_builder_column_1_1 1_1 fusion-flex-column\" style=\"--awb-bg-size:cover;--awb-width-large:100%;--awb-margin-top-large:0px;--awb-spacing-right-large:1.92%;--awb-margin-bottom-large:0px;--awb-spacing-left-large:1.92%;--awb-width-medium:100%;--awb-order-medium:0;--awb-spacing-right-medium:1.92%;--awb-spacing-left-medium:1.92%;--awb-width-small:100%;--awb-order-small:0;--awb-spacing-right-small:1.92%;--awb-spacing-left-small:1.92%;\"><div class=\"fusion-column-wrapper fusion-column-has-shadow fusion-flex-justify-content-flex-start fusion-content-layout-column\"><div class=\"fusion-image-element \" style=\"text-align:center;--awb-max-width:305px;--awb-caption-title-font-family:var(--h2_typography-font-family);--awb-caption-title-font-weight:var(--h2_typography-font-weight);--awb-caption-title-font-style:var(--h2_typography-font-style);--awb-caption-title-size:var(--h2_typography-font-size);--awb-caption-title-transform:var(--h2_typography-text-transform);--awb-caption-title-line-height:var(--h2_typography-line-height);--awb-caption-title-letter-spacing:var(--h2_typography-letter-spacing);\"><span class=\" fusion-imageframe imageframe-none imageframe-1 hover-type-none\"><img decoding=\"async\" width=\"865\" height=\"556\" title=\"robertodandrea-logo-home-x2\" src=\"https:\/\/www.robertodandrea.it\/new\/wp-content\/uploads\/2023\/10\/robertodandrea-logo-home-x2.jpg\" alt class=\"img-responsive wp-image-18\" srcset=\"https:\/\/www.robertodandrea.it\/new\/wp-content\/uploads\/2023\/10\/robertodandrea-logo-home-x2-200x129.jpg 200w, https:\/\/www.robertodandrea.it\/new\/wp-content\/uploads\/2023\/10\/robertodandrea-logo-home-x2-400x257.jpg 400w, https:\/\/www.robertodandrea.it\/new\/wp-content\/uploads\/2023\/10\/robertodandrea-logo-home-x2-600x386.jpg 600w, https:\/\/www.robertodandrea.it\/new\/wp-content\/uploads\/2023\/10\/robertodandrea-logo-home-x2-800x514.jpg 800w, https:\/\/www.robertodandrea.it\/new\/wp-content\/uploads\/2023\/10\/robertodandrea-logo-home-x2.jpg 865w\" sizes=\"(max-width: 640px) 100vw, 865px\" \/><\/span><\/div><\/div><\/div><\/div><\/div><div class=\"fusion-fullwidth fullwidth-box fusion-builder-row-2 fusion-flex-container has-pattern-background has-mask-background fusion-parallax-none nonhundred-percent-fullwidth non-hundred-percent-height-scrolling\" style=\"--awb-background-position:center top;--awb-border-radius-top-left:0px;--awb-border-radius-top-right:0px;--awb-border-radius-bottom-right:0px;--awb-border-radius-bottom-left:0px;--awb-padding-top:150px;--awb-padding-right:18%;--awb-padding-bottom:145px;--awb-padding-left:18%;--awb-padding-bottom-medium:92px;--awb-padding-right-small:20px;--awb-padding-left-small:20px;--awb-margin-top:0px;--awb-margin-bottom:61px;--awb-background-image:url(&quot;https:\/\/www.robertodandrea.it\/new\/wp-content\/uploads\/2023\/11\/robertodandrea-sfondo.jpg&quot;);--awb-background-size:cover;--awb-background-size-medium:cover;--awb-background-size-small:cover;--awb-flex-wrap:wrap;\" ><div class=\"fusion-builder-row fusion-row fusion-flex-align-items-flex-start fusion-flex-content-wrap\" style=\"max-width:1248px;margin-left: calc(-4% \/ 2 );margin-right: calc(-4% \/ 2 );\"><div class=\"fusion-layout-column fusion_builder_column fusion-builder-column-1 fusion_builder_column_1_1 1_1 fusion-flex-column\" style=\"--awb-padding-top:30px;--awb-padding-right:50px;--awb-padding-bottom:30px;--awb-padding-left:50px;--awb-overflow:hidden;--awb-bg-color:rgba(255,255,255,0.71);--awb-bg-color-hover:rgba(255,255,255,0.71);--awb-bg-size:cover;--awb-border-radius:10px 10px 10px 10px;--awb-width-large:100%;--awb-margin-top-large:0px;--awb-spacing-right-large:1.92%;--awb-margin-bottom-large:38px;--awb-spacing-left-large:1.92%;--awb-width-medium:100%;--awb-order-medium:0;--awb-spacing-right-medium:1.92%;--awb-spacing-left-medium:1.92%;--awb-width-small:100%;--awb-order-small:0;--awb-spacing-right-small:1.92%;--awb-spacing-left-small:1.92%;\"><div class=\"fusion-column-wrapper fusion-column-has-shadow fusion-flex-justify-content-flex-start fusion-content-layout-column\"><div class=\"fusion-menu-anchor\" id=\"chisono\"><\/div><div class=\"fusion-text fusion-text-1\"><h3 style=\"text-align: center;\">Chi sono<\/h3>\n<p>Mi chiamo Roberto D\u2019Andrea e dal 1998 mi occupo di illustrazione.<br \/>\nQuesta professione \u00e8 nata da un mio talento artistico, affinato attraverso la Scuola<br \/>\ndi Comunicazione e le prime esperienze professionali.<br \/>\nLa pubblicazione di un mio lavoro nella collana dei Classici del giallo della Mondadori (1997), ha dato il via alla mia esperienza professionale che si \u00e8 stabilizzata dall\u2019anno successivo, come libero professionista.<br \/>\n<img decoding=\"async\" class=\"alignright wp-image-43\" src=\"https:\/\/www.robertodandrea.it\/new\/wp-content\/uploads\/2023\/11\/robertodandrea-firma.png\" alt=\"\" width=\"225\" height=\"43\" srcset=\"https:\/\/www.robertodandrea.it\/new\/wp-content\/uploads\/2023\/11\/robertodandrea-firma-200x38.png 200w, https:\/\/www.robertodandrea.it\/new\/wp-content\/uploads\/2023\/11\/robertodandrea-firma-300x57.png 300w, https:\/\/www.robertodandrea.it\/new\/wp-content\/uploads\/2023\/11\/robertodandrea-firma-400x77.png 400w, https:\/\/www.robertodandrea.it\/new\/wp-content\/uploads\/2023\/11\/robertodandrea-firma.png 449w\" sizes=\"(max-width: 225px) 100vw, 225px\" \/><\/p>\n<\/div><\/div><\/div><div class=\"fusion-layout-column fusion_builder_column fusion-builder-column-2 fusion_builder_column_1_1 1_1 fusion-flex-column\" style=\"--awb-padding-top:30px;--awb-padding-right:50px;--awb-padding-bottom:30px;--awb-padding-left:50px;--awb-overflow:hidden;--awb-bg-color:rgba(255,255,255,0.71);--awb-bg-color-hover:rgba(255,255,255,0.71);--awb-bg-size:cover;--awb-border-radius:10px 10px 10px 10px;--awb-width-large:100%;--awb-margin-top-large:0px;--awb-spacing-right-large:1.92%;--awb-margin-bottom-large:38px;--awb-spacing-left-large:1.92%;--awb-width-medium:100%;--awb-order-medium:0;--awb-spacing-right-medium:1.92%;--awb-spacing-left-medium:1.92%;--awb-width-small:100%;--awb-order-small:0;--awb-spacing-right-small:1.92%;--awb-spacing-left-small:1.92%;\"><div class=\"fusion-column-wrapper fusion-column-has-shadow fusion-flex-justify-content-flex-start fusion-content-layout-column\"><div class=\"fusion-menu-anchor\" id=\"cosafaccio\"><\/div><div class=\"fusion-text fusion-text-2\"><h3 style=\"text-align: center;\">Cosa faccio<\/h3>\n<p>La caratteristica principale del mio lavoro \u00e8 quella di interpretare e curare l\u2019immagine legata ad un evento, sia di tipo culturale che turistico promozionale. L\u2019immagine cos\u00ec creata, la si pu\u00f2 utilizzare in diversi ambiti: immagine coordinata, manifesto, locandina, depliant, calendari, cartoline o pannelli per stand espositivi.<br \/>\nLa progettazione dell\u2019immagine attraversa alcune fasi: dai bozzetti iniziali alle eventuali modifiche all\u2019esecutivo finale, pronto per la stampa.<br \/>\nSulla base della mia esperienza, l\u2019illustrazione pu\u00f2 essere adattata agli ambiti pi\u00f9 diversi: editoria, pubblicit\u00e0, manifestazioni o promozione del territorio attraverso la creazione di piantine urbane o di un comprensorio, e venire incontro alle diverse esigenze, dai progetti per enti pubblici a quelli per le associazioni commerciali o di indirizzo sociale, a quelli per aziende private.<\/p>\n<\/div><\/div><\/div><div class=\"fusion-layout-column fusion_builder_column fusion-builder-column-3 fusion_builder_column_1_1 1_1 fusion-flex-column\" style=\"--awb-padding-top:30px;--awb-padding-right:50px;--awb-padding-bottom:30px;--awb-padding-left:50px;--awb-overflow:hidden;--awb-bg-color:rgba(255,255,255,0.71);--awb-bg-color-hover:rgba(255,255,255,0.71);--awb-bg-size:cover;--awb-border-radius:10px 10px 10px 10px;--awb-width-large:100%;--awb-margin-top-large:0px;--awb-spacing-right-large:1.92%;--awb-margin-bottom-large:38px;--awb-spacing-left-large:1.92%;--awb-width-medium:100%;--awb-order-medium:0;--awb-spacing-right-medium:1.92%;--awb-spacing-left-medium:1.92%;--awb-width-small:100%;--awb-order-small:0;--awb-spacing-right-small:1.92%;--awb-spacing-left-small:1.92%;\"><div class=\"fusion-column-wrapper fusion-column-has-shadow fusion-flex-justify-content-flex-start fusion-content-layout-column\"><div class=\"fusion-menu-anchor\" id=\"tecniche\"><\/div><div class=\"fusion-text fusion-text-3\"><h3 style=\"text-align: center;\">Tecniche illustrative<\/h3>\n<p><strong>Ecoline:<\/strong> colori ad acquarello liquidi pronti per l\u2019uso che si utilizzano in due maniere:<br \/>\n&#8211; stesura omogenea per sfondi e campiture.<br \/>\n&#8211; stesura acquarellata: con la carta pi\u00f9 appropriata si evidenzia l\u2019effetto acquarello.<br \/>\n<strong>Pastelli:<\/strong> per accentuare i colori di sfondo\/campiture dopo la stesura dell\u2019ecoline.<br \/>\nMonocromatico: utilizzandoli su cartoncino colorato si crea un effetto tono su tono, come per esempio la copertina Mondadori 1997.<br \/>\n<strong>Matite colorate \/ matite b\/n<\/strong>: principalmente utilizzate per calibrare\/evidenziare alcuni dettagli dopo la stesura dell\u2019ecoline. Entrambe si possono considerare come tecniche autonome.<br \/>\n<strong>Carboncino<\/strong>: sulla base dell\u2019esperienza maturata nell\u2019utilizzare i pastelli, posso creare \/elaborare soggetti con questa tecnica.<br \/>\n<strong>Tempera \/ acrilico<\/strong>: utilizzate principalmente per evidenziare\/ritoccare dettagli nella fase conclusiva degli esecutivi.<br \/>\nIn alcuni casi, sono state utilizzate come tecniche per l\u2019esecuzione di alcuni progetti.<br \/>\n<strong>Tecnica mista<\/strong>: nella maggior parte dei casi,le diverse tecniche sono state usate contemporaneamente per il raggiungimento ottimale nella realizzazione dei lavori.<\/p>\n<\/div><\/div><\/div><\/div><\/div><div class=\"fusion-fullwidth fullwidth-box fusion-builder-row-3 fusion-flex-container has-pattern-background has-mask-background fusion-parallax-none nonhundred-percent-fullwidth non-hundred-percent-height-scrolling\" style=\"--awb-border-radius-top-left:0px;--awb-border-radius-top-right:0px;--awb-border-radius-bottom-right:0px;--awb-border-radius-bottom-left:0px;--awb-padding-top:38px;--awb-padding-top-medium:25px;--awb-margin-top:0px;--awb-margin-top-medium:0px;--awb-background-image:url(&quot;https:\/\/www.robertodandrea.it\/new\/wp-content\/uploads\/2023\/10\/robertodandrea-sfumatura-home.jpg&quot;);--awb-background-image-medium:url(&#039;https:\/\/www.robertodandrea.it\/new\/wp-content\/uploads\/2023\/10\/robertodandrea-sfumatura-home.jpg&#039;);--awb-background-size:cover;--awb-flex-wrap:wrap;\" ><div class=\"fusion-builder-row fusion-row fusion-flex-align-items-flex-start fusion-flex-content-wrap\" style=\"max-width:1248px;margin-left: calc(-4% \/ 2 );margin-right: calc(-4% \/ 2 );\"><div class=\"fusion-layout-column fusion_builder_column fusion-builder-column-4 fusion_builder_column_1_1 1_1 fusion-flex-column\" style=\"--awb-bg-size:cover;--awb-width-large:100%;--awb-margin-top-large:0px;--awb-spacing-right-large:1.92%;--awb-margin-bottom-large:20px;--awb-spacing-left-large:1.92%;--awb-width-medium:100%;--awb-order-medium:0;--awb-spacing-right-medium:1.92%;--awb-spacing-left-medium:1.92%;--awb-width-small:100%;--awb-order-small:0;--awb-spacing-right-small:1.92%;--awb-spacing-left-small:1.92%;\"><div class=\"fusion-column-wrapper fusion-column-has-shadow fusion-flex-justify-content-flex-start fusion-content-layout-column\"><div class=\"fusion-text fusion-text-4\" style=\"--awb-content-alignment:center;--awb-font-size:35px;--awb-line-height:35px;--awb-text-color:var(--awb-color6);--awb-text-font-family:&quot;Lato&quot;;--awb-text-font-style:normal;--awb-text-font-weight:400;\"><p>Che tipo di illustrazione ti serve?<\/p>\n<\/div><div class=\"fusion-text fusion-text-5\" style=\"--awb-content-alignment:center;--awb-font-size:25px;--awb-line-height:25px;--awb-text-color:var(--awb-color6);--awb-text-font-family:&quot;Lato&quot;;--awb-text-font-style:normal;--awb-text-font-weight:300;\"><p>Clicca sulla categoria che ti interessa<\/p>\n<\/div><\/div><\/div><\/div><\/div><div class=\"fusion-fullwidth fullwidth-box fusion-builder-row-4 fusion-flex-container has-pattern-background has-mask-background nonhundred-percent-fullwidth non-hundred-percent-height-scrolling\" style=\"--awb-border-radius-top-left:0px;--awb-border-radius-top-right:0px;--awb-border-radius-bottom-right:0px;--awb-border-radius-bottom-left:0px;--awb-padding-top:50px;--awb-padding-bottom:50px;--awb-flex-wrap:wrap;\" ><div class=\"fusion-builder-row fusion-row fusion-flex-align-items-flex-start fusion-flex-content-wrap\" style=\"max-width:1248px;margin-left: calc(-4% \/ 2 );margin-right: calc(-4% \/ 2 );\"><div class=\"fusion-layout-column fusion_builder_column fusion-builder-column-5 fusion_builder_column_1_4 1_4 fusion-flex-column\" style=\"--awb-bg-size:cover;--awb-width-large:25%;--awb-margin-top-large:0px;--awb-spacing-right-large:7.68%;--awb-margin-bottom-large:20px;--awb-spacing-left-large:7.68%;--awb-width-medium:25%;--awb-order-medium:0;--awb-spacing-right-medium:7.68%;--awb-spacing-left-medium:7.68%;--awb-width-small:50%;--awb-order-small:0;--awb-spacing-right-small:3.84%;--awb-spacing-left-small:3.84%;\"><div class=\"fusion-column-wrapper fusion-column-has-shadow fusion-flex-justify-content-flex-start fusion-content-layout-column\"><div class=\"fusion-image-element \" style=\"--awb-caption-title-font-family:var(--h2_typography-font-family);--awb-caption-title-font-weight:var(--h2_typography-font-weight);--awb-caption-title-font-style:var(--h2_typography-font-style);--awb-caption-title-size:var(--h2_typography-font-size);--awb-caption-title-transform:var(--h2_typography-text-transform);--awb-caption-title-line-height:var(--h2_typography-line-height);--awb-caption-title-letter-spacing:var(--h2_typography-letter-spacing);\"><span class=\" fusion-imageframe imageframe-none imageframe-2 hover-type-none\"><a class=\"fusion-no-lightbox\" href=\"https:\/\/www.robertodandrea.it\/new\/portfolio-promozione-del-territorio\/\" target=\"_self\" aria-label=\"robertodandrea-promozione-territorio\"><img decoding=\"async\" width=\"519\" height=\"630\" alt=\"Promozione del Territorio\" src=\"https:\/\/www.robertodandrea.it\/new\/wp-content\/uploads\/2023\/10\/robertodandrea-promozione-territorio.jpg\" class=\"img-responsive wp-image-25\" srcset=\"https:\/\/www.robertodandrea.it\/new\/wp-content\/uploads\/2023\/10\/robertodandrea-promozione-territorio-200x243.jpg 200w, https:\/\/www.robertodandrea.it\/new\/wp-content\/uploads\/2023\/10\/robertodandrea-promozione-territorio-400x486.jpg 400w, https:\/\/www.robertodandrea.it\/new\/wp-content\/uploads\/2023\/10\/robertodandrea-promozione-territorio.jpg 519w\" sizes=\"(max-width: 640px) 100vw, 400px\" \/><\/a><\/span><\/div><\/div><\/div><div class=\"fusion-layout-column fusion_builder_column fusion-builder-column-6 fusion_builder_column_1_4 1_4 fusion-flex-column\" style=\"--awb-bg-size:cover;--awb-width-large:25%;--awb-margin-top-large:0px;--awb-spacing-right-large:7.68%;--awb-margin-bottom-large:20px;--awb-spacing-left-large:7.68%;--awb-width-medium:25%;--awb-order-medium:0;--awb-spacing-right-medium:7.68%;--awb-spacing-left-medium:7.68%;--awb-width-small:50%;--awb-order-small:0;--awb-spacing-right-small:3.84%;--awb-spacing-left-small:3.84%;\"><div class=\"fusion-column-wrapper fusion-column-has-shadow fusion-flex-justify-content-flex-start fusion-content-layout-column\"><div class=\"fusion-image-element \" style=\"--awb-caption-title-font-family:var(--h2_typography-font-family);--awb-caption-title-font-weight:var(--h2_typography-font-weight);--awb-caption-title-font-style:var(--h2_typography-font-style);--awb-caption-title-size:var(--h2_typography-font-size);--awb-caption-title-transform:var(--h2_typography-text-transform);--awb-caption-title-line-height:var(--h2_typography-line-height);--awb-caption-title-letter-spacing:var(--h2_typography-letter-spacing);\"><span class=\" fusion-imageframe imageframe-none imageframe-3 hover-type-none\"><a class=\"fusion-no-lightbox\" href=\"https:\/\/www.robertodandrea.it\/new\/portfolio-manifestazioni\/\" target=\"_self\" aria-label=\"robertodandrea-promozione-manifestazioni\"><img decoding=\"async\" width=\"519\" height=\"630\" alt=\"Manifestazioni\" src=\"https:\/\/www.robertodandrea.it\/new\/wp-content\/uploads\/2023\/10\/robertodandrea-promozione-manifestazioni.jpg\" class=\"img-responsive wp-image-23\" srcset=\"https:\/\/www.robertodandrea.it\/new\/wp-content\/uploads\/2023\/10\/robertodandrea-promozione-manifestazioni-200x243.jpg 200w, https:\/\/www.robertodandrea.it\/new\/wp-content\/uploads\/2023\/10\/robertodandrea-promozione-manifestazioni-400x486.jpg 400w, https:\/\/www.robertodandrea.it\/new\/wp-content\/uploads\/2023\/10\/robertodandrea-promozione-manifestazioni.jpg 519w\" sizes=\"(max-width: 640px) 100vw, 400px\" \/><\/a><\/span><\/div><\/div><\/div><div class=\"fusion-layout-column fusion_builder_column fusion-builder-column-7 fusion_builder_column_1_4 1_4 fusion-flex-column\" style=\"--awb-bg-size:cover;--awb-width-large:25%;--awb-margin-top-large:0px;--awb-spacing-right-large:7.68%;--awb-margin-bottom-large:20px;--awb-spacing-left-large:7.68%;--awb-width-medium:25%;--awb-order-medium:0;--awb-spacing-right-medium:7.68%;--awb-spacing-left-medium:7.68%;--awb-width-small:50%;--awb-order-small:0;--awb-spacing-right-small:3.84%;--awb-spacing-left-small:3.84%;\"><div class=\"fusion-column-wrapper fusion-column-has-shadow fusion-flex-justify-content-flex-start fusion-content-layout-column\"><div class=\"fusion-image-element \" style=\"--awb-caption-title-font-family:var(--h2_typography-font-family);--awb-caption-title-font-weight:var(--h2_typography-font-weight);--awb-caption-title-font-style:var(--h2_typography-font-style);--awb-caption-title-size:var(--h2_typography-font-size);--awb-caption-title-transform:var(--h2_typography-text-transform);--awb-caption-title-line-height:var(--h2_typography-line-height);--awb-caption-title-letter-spacing:var(--h2_typography-letter-spacing);\"><span class=\" fusion-imageframe imageframe-none imageframe-4 hover-type-none\"><a class=\"fusion-no-lightbox\" href=\"https:\/\/www.robertodandrea.it\/new\/portfolio-ritrattistica-cinema\/\" target=\"_self\" aria-label=\"robertodandrea-promozione-ritrattistica\"><img decoding=\"async\" width=\"519\" height=\"630\" alt=\"Ritrattistica Cinema\" src=\"https:\/\/www.robertodandrea.it\/new\/wp-content\/uploads\/2023\/10\/robertodandrea-promozione-ritrattistica.jpg\" class=\"img-responsive wp-image-24\" srcset=\"https:\/\/www.robertodandrea.it\/new\/wp-content\/uploads\/2023\/10\/robertodandrea-promozione-ritrattistica-200x243.jpg 200w, https:\/\/www.robertodandrea.it\/new\/wp-content\/uploads\/2023\/10\/robertodandrea-promozione-ritrattistica-400x486.jpg 400w, https:\/\/www.robertodandrea.it\/new\/wp-content\/uploads\/2023\/10\/robertodandrea-promozione-ritrattistica.jpg 519w\" sizes=\"(max-width: 640px) 100vw, 400px\" \/><\/a><\/span><\/div><\/div><\/div><div class=\"fusion-layout-column fusion_builder_column fusion-builder-column-8 fusion_builder_column_1_4 1_4 fusion-flex-column\" style=\"--awb-bg-size:cover;--awb-width-large:25%;--awb-margin-top-large:0px;--awb-spacing-right-large:7.68%;--awb-margin-bottom-large:20px;--awb-spacing-left-large:7.68%;--awb-width-medium:25%;--awb-order-medium:0;--awb-spacing-right-medium:7.68%;--awb-spacing-left-medium:7.68%;--awb-width-small:50%;--awb-order-small:0;--awb-spacing-right-small:3.84%;--awb-spacing-left-small:3.84%;\"><div class=\"fusion-column-wrapper fusion-column-has-shadow fusion-flex-justify-content-flex-start fusion-content-layout-column\"><div class=\"fusion-image-element \" style=\"--awb-caption-title-font-family:var(--h2_typography-font-family);--awb-caption-title-font-weight:var(--h2_typography-font-weight);--awb-caption-title-font-style:var(--h2_typography-font-style);--awb-caption-title-size:var(--h2_typography-font-size);--awb-caption-title-transform:var(--h2_typography-text-transform);--awb-caption-title-line-height:var(--h2_typography-line-height);--awb-caption-title-letter-spacing:var(--h2_typography-letter-spacing);\"><span class=\" fusion-imageframe imageframe-none imageframe-5 hover-type-none\"><a class=\"fusion-no-lightbox\" href=\"https:\/\/www.robertodandrea.it\/new\/portfolio-editoria-pubblicazioni\/\" target=\"_self\" aria-label=\"robertodandrea-promozione-editoria\"><img decoding=\"async\" width=\"519\" height=\"630\" alt=\"Editoria Pubblicazioni\" src=\"https:\/\/www.robertodandrea.it\/new\/wp-content\/uploads\/2023\/10\/robertodandrea-promozione-editoria.jpg\" class=\"img-responsive wp-image-22\" srcset=\"https:\/\/www.robertodandrea.it\/new\/wp-content\/uploads\/2023\/10\/robertodandrea-promozione-editoria-200x243.jpg 200w, https:\/\/www.robertodandrea.it\/new\/wp-content\/uploads\/2023\/10\/robertodandrea-promozione-editoria-400x486.jpg 400w, https:\/\/www.robertodandrea.it\/new\/wp-content\/uploads\/2023\/10\/robertodandrea-promozione-editoria.jpg 519w\" sizes=\"(max-width: 640px) 100vw, 400px\" \/><\/a><\/span><\/div><\/div><\/div><\/div><\/div>\n<\/p>\n","protected":false},"excerpt":{"rendered":"","protected":false},"author":1,"featured_media":0,"parent":0,"menu_order":0,"comment_status":"closed","ping_status":"closed","template":"100-width.php","meta":{"footnotes":""},"class_list":["post-37","page","type-page","status-publish","hentry"],"_links":{"self":[{"href":"https:\/\/www.robertodandrea.it\/new\/wp-json\/wp\/v2\/pages\/37","targetHints":{"allow":["GET"]}}],"collection":[{"href":"https:\/\/www.robertodandrea.it\/new\/wp-json\/wp\/v2\/pages"}],"about":[{"href":"https:\/\/www.robertodandrea.it\/new\/wp-json\/wp\/v2\/types\/page"}],"author":[{"embeddable":true,"href":"https:\/\/www.robertodandrea.it\/new\/wp-json\/wp\/v2\/users\/1"}],"replies":[{"embeddable":true,"href":"https:\/\/www.robertodandrea.it\/new\/wp-json\/wp\/v2\/comments?post=37"}],"version-history":[{"count":18,"href":"https:\/\/www.robertodandrea.it\/new\/wp-json\/wp\/v2\/pages\/37\/revisions"}],"predecessor-version":[{"id":197,"href":"https:\/\/www.robertodandrea.it\/new\/wp-json\/wp\/v2\/pages\/37\/revisions\/197"}],"wp:attachment":[{"href":"https:\/\/www.robertodandrea.it\/new\/wp-json\/wp\/v2\/media?parent=37"}],"curies":[{"name":"wp","href":"https:\/\/api.w.org\/{rel}","templated":true}]}}